{"id":90,"date":"2023-05-14T15:22:39","date_gmt":"2023-05-14T15:22:39","guid":{"rendered":"https:\/\/lorioli.com\/?page_id=90"},"modified":"2025-02-08T11:09:40","modified_gmt":"2025-02-08T11:09:40","slug":"support","status":"publish","type":"page","link":"https:\/\/lorioli.com\/sv\/support\/","title":{"rendered":"Support"},"content":{"rendered":"\n<p>Lori Oli \u00e4r en ideell webbplats som \u00e4r engagerad i att utbilda och inspirera m\u00e4nniskor om de anm\u00e4rkningsv\u00e4rda vetenskapsm\u00e4nnen och konstn\u00e4rer som har format v\u00e5r v\u00e4rld. Med ett globalt perspektiv str\u00e4var vi efter att lyfta fram ber\u00e4ttelserna och prestationerna hos individer fr\u00e5n olika bakgrunder och kulturer och erk\u00e4nna den universella kraften av kreativitet och kunskap.<\/p>\n\n\n\n<p>V\u00e5r mission \u00e4r att belysa livet och bidragen fr\u00e5n dessa extraordin\u00e4ra personer, som har l\u00e4mnat ett outpl\u00e5nligt avtryck i historien. Genom engagerande artiklar, f\u00e4ngslande profiler och fascinerande anekdoter str\u00e4var vi efter att fr\u00e4mja en djupare f\u00f6rst\u00e5else och uppskattning f\u00f6r den enorma p\u00e5verkan dessa individer har haft p\u00e5 v\u00e5rt samh\u00e4lle.<\/p>\n\n\n\n<p>Det dedikerade teamet p\u00e5 Lori Oli arbetar outtr\u00f6ttligt f\u00f6r att s\u00e4kerst\u00e4lla att dessa briljanta sinnens ber\u00e4ttelser \u00e4r tillg\u00e4ngliga f\u00f6r alla. Vi tror att genom att l\u00e4ra oss om vetenskapsm\u00e4nnens och konstn\u00e4rernas prestationer kan vi odla nyfikenhet, inspirera och uppmuntra str\u00e4van efter kunskap och kreativitet hos oss sj\u00e4lva och kommande generationer.<\/p>\n\n\n\n<p>Men vi skulle inte kunna uppfylla v\u00e5r mission utan det orubbliga st\u00f6det fr\u00e5n v\u00e5ra v\u00e4nner och supportrar \u00f6ver hela v\u00e4rlden. Oavsett om du \u00e4r en individ som brinner f\u00f6r vetenskap och konst, en l\u00e4rare som ivrigt vill dela dessa ber\u00e4ttelser med dina elever eller en organisation som \u00e4r intresserad av att samarbeta med oss, \u00e4r ditt st\u00f6d ov\u00e4rderligt.<\/p>\n\n\n\n<p>Vi uppmanar alla att f\u00f6lja med oss p\u00e5 denna uppt\u00e4cktsresa och upplysningens resa. Genom att anv\u00e4nda v\u00e5rt kontaktformul\u00e4r kan du n\u00e5 v\u00e5rt team, dela dina tankar, ge feedback och till och med bidra till Lori Oli. Ditt st\u00f6d kan komma i m\u00e5nga former, inklusive frivilligt arbete, f\u00f6resl\u00e5 nya profiler eller till och med g\u00f6ra en ekonomisk insats f\u00f6r att hj\u00e4lpa oss att forts\u00e4tta v\u00e5rt arbete och \u00f6ka v\u00e5r r\u00e4ckvidd.<\/p>\n\n\n\n<p>P\u00e5 Lori Oli \u00e4r vi fast \u00f6vertygade om att dessa exceptionella individers ber\u00e4ttelser f\u00f6rtj\u00e4nar att firas och delas. Genom att erk\u00e4nna deras prestationer hoppas vi inspirera nuvarande och framtida generationer att bryta gr\u00e4nser, utforska nya omr\u00e5den och omfamna vetenskapens och konstens transformerande kraft.<\/p>\n\n\n\n<p>Tack f\u00f6r att du \u00e4r en del av v\u00e5r globala gemenskap. Tillsammans kan vi s\u00e4kerst\u00e4lla att dessa inflytelserika vetenskapsm\u00e4ns och konstn\u00e4rers arv kommer ih\u00e5g och uppskattas i generationer som kommer.<\/p>\n\n\n\n<h2 class=\"wp-block-heading\">V\u00e5ra v\u00e4nner i USA\/Storbritannien\/Sverige<\/h2>\n\n\n\n<ul class=\"wp-block-list\">\n<li><a href=\"https:\/\/wikimediafoundation.org\/\" data-type=\"URL\" data-id=\"https:\/\/wikimediafoundation.org\/\">Wikimedia Foundation<\/a><\/li>\n\n\n\n<li><a href=\"https:\/\/www.isocfoundation.org\/\" data-type=\"URL\" data-id=\"https:\/\/www.isocfoundation.org\/\">Internet Society Foundation<\/a><\/li>\n\n\n\n<li><a href=\"http:\/\/avionero.se\" data-type=\"link\" data-id=\"avionero.se\">Avionero<\/a><\/li>\n<\/ul>\n","protected":false},"excerpt":{"rendered":"<p>Lori Oli \u00e4r en ideell webbplats som \u00e4r engagerad i att utbilda och inspirera m\u00e4nniskor om de anm\u00e4rkningsv\u00e4rda vetenskapsm\u00e4nnen och konstn\u00e4rer som har format v\u00e5r&hellip;<\/p>\n","protected":false},"author":1,"featured_media":0,"parent":0,"menu_order":0,"comment_status":"closed","ping_status":"closed","template":"","meta":{"footnotes":""},"class_list":["post-90","page","type-page","status-publish","hentry"],"translation":{"provider":"WPGlobus","version":"3.0.2","language":"sv","enabled_languages":["en","es","fr","it","br","pt","de","sv"],"languages":{"en":{"title":true,"content":true,"excerpt":false},"es":{"title":true,"content":true,"excerpt":false},"fr":{"title":true,"content":true,"excerpt":false},"it":{"title":true,"content":true,"excerpt":false},"br":{"title":true,"content":true,"excerpt":false},"pt":{"title":true,"content":true,"excerpt":false},"de":{"title":true,"content":true,"excerpt":false},"sv":{"title":true,"content":true,"excerpt":false}}},"_links":{"self":[{"href":"https:\/\/lorioli.com\/sv\/wp-json\/wp\/v2\/pages\/90","targetHints":{"allow":["GET"]}}],"collection":[{"href":"https:\/\/lorioli.com\/sv\/wp-json\/wp\/v2\/pages"}],"about":[{"href":"https:\/\/lorioli.com\/sv\/wp-json\/wp\/v2\/types\/page"}],"author":[{"embeddable":true,"href":"https:\/\/lorioli.com\/sv\/wp-json\/wp\/v2\/users\/1"}],"replies":[{"embeddable":true,"href":"https:\/\/lorioli.com\/sv\/wp-json\/wp\/v2\/comments?post=90"}],"version-history":[{"count":33,"href":"https:\/\/lorioli.com\/sv\/wp-json\/wp\/v2\/pages\/90\/revisions"}],"predecessor-version":[{"id":240,"href":"https:\/\/lorioli.com\/sv\/wp-json\/wp\/v2\/pages\/90\/revisions\/240"}],"wp:attachment":[{"href":"https:\/\/lorioli.com\/sv\/wp-json\/wp\/v2\/media?parent=90"}],"curies":[{"name":"wp","href":"https:\/\/api.w.org\/{rel}","templated":true}]}}