{"id":90,"date":"2023-05-14T15:22:39","date_gmt":"2023-05-14T15:22:39","guid":{"rendered":"https:\/\/lorioli.com\/?page_id=90"},"modified":"2025-02-08T11:09:40","modified_gmt":"2025-02-08T11:09:40","slug":"support","status":"publish","type":"page","link":"https:\/\/lorioli.com\/pt\/support\/","title":{"rendered":"Apoio"},"content":{"rendered":"\n<p>Lori Oli \u00e9 um website sem fins lucrativos dedicado a educar e inspirar as pessoas sobre os not\u00e1veis cientistas e artistas que moldaram o nosso mundo. Com uma perspetiva global, esfor\u00e7amo-nos por destacar as hist\u00f3rias e realiza\u00e7\u00f5es de indiv\u00edduos de diversas origens e culturas, reconhecendo o poder universal da criatividade e do conhecimento.<\/p>\n\n\n\n<p>A nossa miss\u00e3o \u00e9 iluminar as vidas e contribui\u00e7\u00f5es destas figuras extraordin\u00e1rias, que deixaram uma marca indel\u00e9vel na hist\u00f3ria. Atrav\u00e9s de artigos interessantes, perfis cativantes e hist\u00f3rias fascinantes, procuramos promover uma compreens\u00e3o mais profunda e uma maior aprecia\u00e7\u00e3o pelo imenso impacto que estes indiv\u00edduos tiveram na nossa sociedade.<\/p>\n\n\n\n<p>A dedicada equipa do Lori Oli trabalha incansavelmente para garantir que as hist\u00f3rias destas mentes brilhantes sejam acess\u00edveis a todos. Acreditamos que ao aprender sobre as conquistas de cientistas e artistas, podemos cultivar a curiosidade, alimentar a inspira\u00e7\u00e3o e incentivar a busca do conhecimento e da criatividade em n\u00f3s mesmos e nas gera\u00e7\u00f5es futuras.<\/p>\n\n\n\n<p>Mas n\u00e3o conseguir\u00edamos cumprir a nossa miss\u00e3o sem o apoio inabal\u00e1vel dos nossos amigos e apoiantes de todo o mundo. Se \u00e9 uma pessoa apaixonada por ci\u00eancia e arte, um professor ansioso por partilhar estas hist\u00f3rias com os seus alunos ou uma organiza\u00e7\u00e3o interessada em colaborar connosco, o seu apoio \u00e9 inestim\u00e1vel.<\/p>\n\n\n\n<p>Encorajamo-lo a juntar-se a n\u00f3s nesta jornada de descoberta e ilumina\u00e7\u00e3o. Atrav\u00e9s do nosso formul\u00e1rio de contacto, poder\u00e1 entrar em contacto com a nossa equipa, partilhar as suas ideias, fornecer feedback e at\u00e9 mesmo contribuir para o Lori Oli. O seu apoio pode assumir v\u00e1rias formas, incluindo voluntariado, sugest\u00e3o de novos perfis ou at\u00e9 mesmo fazer uma contribui\u00e7\u00e3o financeira para nos ajudar a continuar o nosso trabalho e expandir o nosso alcance.<\/p>\n\n\n\n<p>No Lori Oli, acreditamos firmemente que as hist\u00f3rias destes indiv\u00edduos excecionais merecem ser celebradas e partilhadas. Ao reconhecer as suas conquistas, esperamos inspirar as gera\u00e7\u00f5es atuais e futuras a ultrapassar barreiras, explorar novos horizontes e abra\u00e7ar o poder transformador da ci\u00eancia e da arte.<\/p>\n\n\n\n<p>Obrigado por fazer parte da nossa comunidade global. Juntos, podemos garantir que o legado destes cientistas e artistas influentes seja recordado e valorizado pelas gera\u00e7\u00f5es futuras.<\/p>\n\n\n\n<h2 class=\"wp-block-heading\">Nossos amigos em Portugal<\/h2>\n\n\n\n<ul class=\"wp-block-list\">\n<li><a href=\"https:\/\/www.fpc.pt\/en\/foundation\/\" data-type=\"URL\" data-id=\"https:\/\/www.fpc.pt\/en\/foundation\/\">Funda\u00e7\u00e3o Portuguesa das Comunica\u00e7\u00f5es<\/a><\/li>\n\n\n\n<li><a href=\"https:\/\/www.fct.pt\/\" data-type=\"URL\" data-id=\"https:\/\/www.fct.pt\/\">Funda\u00e7\u00e3o para a Ci\u00eancia e Tecnologia<\/a><\/li>\n<\/ul>\n","protected":false},"excerpt":{"rendered":"<p>Lori Oli \u00e9 um website sem fins lucrativos dedicado a educar e inspirar as pessoas sobre os not\u00e1veis cientistas e artistas que moldaram o nosso&hellip;<\/p>\n","protected":false},"author":1,"featured_media":0,"parent":0,"menu_order":0,"comment_status":"closed","ping_status":"closed","template":"","meta":{"footnotes":""},"class_list":["post-90","page","type-page","status-publish","hentry"],"translation":{"provider":"WPGlobus","version":"3.0.2","language":"pt","enabled_languages":["en","es","fr","it","br","pt","de","sv"],"languages":{"en":{"title":true,"content":true,"excerpt":false},"es":{"title":true,"content":true,"excerpt":false},"fr":{"title":true,"content":true,"excerpt":false},"it":{"title":true,"content":true,"excerpt":false},"br":{"title":true,"content":true,"excerpt":false},"pt":{"title":true,"content":true,"excerpt":false},"de":{"title":true,"content":true,"excerpt":false},"sv":{"title":true,"content":true,"excerpt":false}}},"_links":{"self":[{"href":"https:\/\/lorioli.com\/pt\/wp-json\/wp\/v2\/pages\/90","targetHints":{"allow":["GET"]}}],"collection":[{"href":"https:\/\/lorioli.com\/pt\/wp-json\/wp\/v2\/pages"}],"about":[{"href":"https:\/\/lorioli.com\/pt\/wp-json\/wp\/v2\/types\/page"}],"author":[{"embeddable":true,"href":"https:\/\/lorioli.com\/pt\/wp-json\/wp\/v2\/users\/1"}],"replies":[{"embeddable":true,"href":"https:\/\/lorioli.com\/pt\/wp-json\/wp\/v2\/comments?post=90"}],"version-history":[{"count":33,"href":"https:\/\/lorioli.com\/pt\/wp-json\/wp\/v2\/pages\/90\/revisions"}],"predecessor-version":[{"id":240,"href":"https:\/\/lorioli.com\/pt\/wp-json\/wp\/v2\/pages\/90\/revisions\/240"}],"wp:attachment":[{"href":"https:\/\/lorioli.com\/pt\/wp-json\/wp\/v2\/media?parent=90"}],"curies":[{"name":"wp","href":"https:\/\/api.w.org\/{rel}","templated":true}]}}