{"id":90,"date":"2023-05-14T15:22:39","date_gmt":"2023-05-14T15:22:39","guid":{"rendered":"https:\/\/lorioli.com\/?page_id=90"},"modified":"2025-02-08T11:09:40","modified_gmt":"2025-02-08T11:09:40","slug":"support","status":"publish","type":"page","link":"https:\/\/lorioli.com\/fr\/support\/","title":{"rendered":"Soutien"},"content":{"rendered":"\n<p>Lori Oli est un site web \u00e0 but non lucratif d\u00e9di\u00e9 \u00e0 l&#8217;\u00e9ducation et \u00e0 l&#8217;inspiration envers les scientifiques et les artistes remarquables qui ont fa\u00e7onn\u00e9 notre monde. Avec une perspective mondiale, nous nous effor\u00e7ons de mettre en lumi\u00e8re les histoires et les r\u00e9alisations de personnes issues de divers milieux et cultures, reconnaissant le pouvoir universel de la cr\u00e9ativit\u00e9 et du savoir.<\/p>\n\n\n\n<p>Notre mission est d&#8217;\u00e9clairer les vies et les contributions de ces personnalit\u00e9s extraordinaires, qui ont laiss\u00e9 une empreinte ind\u00e9l\u00e9bile dans l&#8217;histoire. \u00c0 travers des articles captivants, des profils saisissants et des anecdotes fascinantes, nous cherchons \u00e0 favoriser une compr\u00e9hension approfondie et une appr\u00e9ciation accrue de l&#8217;immense impact de ces individus sur notre soci\u00e9t\u00e9.<\/p>\n\n\n\n<p>L&#8217;\u00e9quipe d\u00e9vou\u00e9e de Lori Oli travaille sans rel\u00e2che pour garantir que les histoires de ces esprits brillants soient accessibles \u00e0 tous. Nous croyons qu&#8217;en apprenant les r\u00e9alisations des scientifiques et des artistes, nous pouvons cultiver la curiosit\u00e9, nourrir l&#8217;inspiration et encourager la recherche du savoir et de la cr\u00e9ativit\u00e9 en nous-m\u00eames et chez les g\u00e9n\u00e9rations futures.<\/p>\n\n\n\n<p>Mais nous ne pourrions pas accomplir notre mission sans le soutien ind\u00e9fectible de nos amis et de nos soutiens du monde entier. Que vous soyez une personne passionn\u00e9e par la science et l&#8217;art, un enseignant d\u00e9sireux de partager ces histoires avec vos \u00e9l\u00e8ves ou une organisation int\u00e9ress\u00e9e par une collaboration avec nous, votre soutien est inestimable.<\/p>\n\n\n\n<p>Nous vous encourageons \u00e0 vous joindre \u00e0 nous dans ce voyage de d\u00e9couverte et d&#8217;illumination. En utilisant notre formulaire de contact, vous pouvez entrer en contact avec notre \u00e9quipe, partager vos r\u00e9flexions, fournir des commentaires et m\u00eame contribuer \u00e0 Lori Oli. Votre soutien peut prendre de nombreuses formes, y compris le b\u00e9n\u00e9volat, la suggestion de nouveaux profils ou m\u00eame une contribution financi\u00e8re pour nous aider \u00e0 poursuivre notre travail et \u00e0 \u00e9largir notre port\u00e9e.<\/p>\n\n\n\n<p>Chez Lori Oli, nous sommes convaincus que les histoires de ces individus exceptionnels m\u00e9ritent d&#8217;\u00eatre c\u00e9l\u00e9br\u00e9es et partag\u00e9es. En reconnaissant leurs r\u00e9alisations, nous esp\u00e9rons inspirer les g\u00e9n\u00e9rations actuelles et futures \u00e0 repousser les limites, \u00e0 explorer de nouveaux horizons et \u00e0 embrasser le pouvoir transformateur de la science et de l&#8217;art.<\/p>\n\n\n\n<p>Merci de faire partie de notre communaut\u00e9 mondiale. Ensemble, nous pouvons veiller \u00e0 ce que les h\u00e9ritages de ces scientifiques et artistes influents soient rappel\u00e9s et ch\u00e9ris pendant des g\u00e9n\u00e9rations.<\/p>\n\n\n\n<h2 class=\"wp-block-heading\">Nos amis en France<\/h2>\n","protected":false},"excerpt":{"rendered":"<p>Lori Oli est un site web \u00e0 but non lucratif d\u00e9di\u00e9 \u00e0 l&#8217;\u00e9ducation et \u00e0 l&#8217;inspiration envers les scientifiques et les artistes remarquables qui ont&hellip;<\/p>\n","protected":false},"author":1,"featured_media":0,"parent":0,"menu_order":0,"comment_status":"closed","ping_status":"closed","template":"","meta":{"footnotes":""},"class_list":["post-90","page","type-page","status-publish","hentry"],"translation":{"provider":"WPGlobus","version":"3.0.2","language":"fr","enabled_languages":["en","es","fr","it","br","pt","de","sv"],"languages":{"en":{"title":true,"content":true,"excerpt":false},"es":{"title":true,"content":true,"excerpt":false},"fr":{"title":true,"content":true,"excerpt":false},"it":{"title":true,"content":true,"excerpt":false},"br":{"title":true,"content":true,"excerpt":false},"pt":{"title":true,"content":true,"excerpt":false},"de":{"title":true,"content":true,"excerpt":false},"sv":{"title":true,"content":true,"excerpt":false}}},"_links":{"self":[{"href":"https:\/\/lorioli.com\/fr\/wp-json\/wp\/v2\/pages\/90","targetHints":{"allow":["GET"]}}],"collection":[{"href":"https:\/\/lorioli.com\/fr\/wp-json\/wp\/v2\/pages"}],"about":[{"href":"https:\/\/lorioli.com\/fr\/wp-json\/wp\/v2\/types\/page"}],"author":[{"embeddable":true,"href":"https:\/\/lorioli.com\/fr\/wp-json\/wp\/v2\/users\/1"}],"replies":[{"embeddable":true,"href":"https:\/\/lorioli.com\/fr\/wp-json\/wp\/v2\/comments?post=90"}],"version-history":[{"count":33,"href":"https:\/\/lorioli.com\/fr\/wp-json\/wp\/v2\/pages\/90\/revisions"}],"predecessor-version":[{"id":240,"href":"https:\/\/lorioli.com\/fr\/wp-json\/wp\/v2\/pages\/90\/revisions\/240"}],"wp:attachment":[{"href":"https:\/\/lorioli.com\/fr\/wp-json\/wp\/v2\/media?parent=90"}],"curies":[{"name":"wp","href":"https:\/\/api.w.org\/{rel}","templated":true}]}}