{"id":90,"date":"2023-05-14T15:22:39","date_gmt":"2023-05-14T15:22:39","guid":{"rendered":"https:\/\/lorioli.com\/?page_id=90"},"modified":"2025-02-08T11:09:40","modified_gmt":"2025-02-08T11:09:40","slug":"support","status":"publish","type":"page","link":"https:\/\/lorioli.com\/es\/support\/","title":{"rendered":"Apoyo"},"content":{"rendered":"\n<p>Lori Oli es un sitio web sin fines de lucro dedicado a educar e inspirar a las personas sobre los destacados cient\u00edficos y artistas que han moldeado nuestro mundo. Con una perspectiva global, nos esforzamos por resaltar las historias y logros de individuos de diversos or\u00edgenes y culturas, reconociendo el poder universal de la creatividad y el conocimiento.<\/p>\n\n\n\n<p>Nuestra misi\u00f3n es arrojar luz sobre las vidas y contribuciones de estas figuras extraordinarias, quienes han dejado una huella indeleble en la historia. A trav\u00e9s de art\u00edculos interesantes, perfiles cautivadores y an\u00e9cdotas fascinantes, buscamos fomentar una comprensi\u00f3n m\u00e1s profunda y una mayor apreciaci\u00f3n por el inmenso impacto que estos individuos han tenido en nuestra sociedad.<\/p>\n\n\n\n<p>El dedicado equipo de Lori Oli trabaja incansablemente para asegurar que las historias de estas mentes brillantes sean accesibles para todos. Creemos que al aprender acerca de los logros de cient\u00edficos y artistas, podemos cultivar la curiosidad, alimentar la inspiraci\u00f3n y fomentar la b\u00fasqueda de conocimiento y creatividad en nosotros mismos y en las futuras generaciones.<\/p>\n\n\n\n<p>Pero no podr\u00edamos cumplir nuestra misi\u00f3n sin el apoyo inquebrantable de nuestros amigos y seguidores en todo el mundo. Ya sea que seas una persona apasionada por la ciencia y el arte, un maestro deseoso de compartir estas historias con tus estudiantes, o una organizaci\u00f3n interesada en colaborar con nosotros, tu apoyo es invaluable.<\/p>\n\n\n\n<p>Te animamos a unirte a nosotros en este viaje de descubrimiento y enriquecimiento. A trav\u00e9s de nuestro formulario de contacto, puedes comunicarte con nuestro equipo, compartir tus ideas, brindar comentarios e incluso contribuir a Lori Oli. Tu apoyo puede adoptar muchas formas, como ser voluntario, sugerir nuevos perfiles o incluso realizar una contribuci\u00f3n financiera para ayudarnos a continuar nuestro trabajo y ampliar nuestro alcance.<\/p>\n\n\n\n<p>En Lori Oli, creemos firmemente que las historias de estos individuos excepcionales merecen ser celebradas y compartidas. Al reconocer sus logros, esperamos inspirar a las generaciones actuales y futuras a romper barreras, explorar nuevos horizontes y abrazar el poder transformador de la ciencia y el arte.<\/p>\n\n\n\n<p>Gracias por ser parte de nuestra comunidad global. Juntos, podemos asegurar que los legados de estos influyentes cient\u00edficos y artistas sean recordados y apreciados durante generaciones.<\/p>\n\n\n\n<h2 class=\"wp-block-heading\">Nuestros amigos en Espa\u00f1a y Am\u00e9rica Latina<\/h2>\n\n\n\n<ul class=\"wp-block-list\">\n<li><a href=\"https:\/\/eulacfoundation.org\/en\" data-type=\"URL\" data-id=\"https:\/\/eulacfoundation.org\/en\">EU-LAC foundation<\/a><\/li>\n\n\n\n<li><a href=\"https:\/\/unsdg.un.org\/un-in-action\/rcp-latin-america-and-caribbean?tab=countries-listing\" data-type=\"URL\" data-id=\"https:\/\/unsdg.un.org\/un-in-action\/rcp-latin-america-and-caribbean?tab=countries-listing\">UNSDG<\/a><\/li>\n\n\n\n<li><a href=\"https:\/\/tinker.org\/\" data-type=\"URL\" data-id=\"https:\/\/tinker.org\/\">Tinker Foundation<\/a><\/li>\n<\/ul>\n","protected":false},"excerpt":{"rendered":"<p>Lori Oli es un sitio web sin fines de lucro dedicado a educar e inspirar a las personas sobre los destacados cient\u00edficos y artistas que&hellip;<\/p>\n","protected":false},"author":1,"featured_media":0,"parent":0,"menu_order":0,"comment_status":"closed","ping_status":"closed","template":"","meta":{"footnotes":""},"class_list":["post-90","page","type-page","status-publish","hentry"],"translation":{"provider":"WPGlobus","version":"3.0.2","language":"es","enabled_languages":["en","es","fr","it","br","pt","de","sv"],"languages":{"en":{"title":true,"content":true,"excerpt":false},"es":{"title":true,"content":true,"excerpt":false},"fr":{"title":true,"content":true,"excerpt":false},"it":{"title":true,"content":true,"excerpt":false},"br":{"title":true,"content":true,"excerpt":false},"pt":{"title":true,"content":true,"excerpt":false},"de":{"title":true,"content":true,"excerpt":false},"sv":{"title":true,"content":true,"excerpt":false}}},"_links":{"self":[{"href":"https:\/\/lorioli.com\/es\/wp-json\/wp\/v2\/pages\/90","targetHints":{"allow":["GET"]}}],"collection":[{"href":"https:\/\/lorioli.com\/es\/wp-json\/wp\/v2\/pages"}],"about":[{"href":"https:\/\/lorioli.com\/es\/wp-json\/wp\/v2\/types\/page"}],"author":[{"embeddable":true,"href":"https:\/\/lorioli.com\/es\/wp-json\/wp\/v2\/users\/1"}],"replies":[{"embeddable":true,"href":"https:\/\/lorioli.com\/es\/wp-json\/wp\/v2\/comments?post=90"}],"version-history":[{"count":33,"href":"https:\/\/lorioli.com\/es\/wp-json\/wp\/v2\/pages\/90\/revisions"}],"predecessor-version":[{"id":240,"href":"https:\/\/lorioli.com\/es\/wp-json\/wp\/v2\/pages\/90\/revisions\/240"}],"wp:attachment":[{"href":"https:\/\/lorioli.com\/es\/wp-json\/wp\/v2\/media?parent=90"}],"curies":[{"name":"wp","href":"https:\/\/api.w.org\/{rel}","templated":true}]}}