{"id":90,"date":"2023-05-14T15:22:39","date_gmt":"2023-05-14T15:22:39","guid":{"rendered":"https:\/\/lorioli.com\/?page_id=90"},"modified":"2025-02-08T11:09:40","modified_gmt":"2025-02-08T11:09:40","slug":"support","status":"publish","type":"page","link":"https:\/\/lorioli.com\/de\/support\/","title":{"rendered":"Unterst\u00fctzung"},"content":{"rendered":"\n<p>Lori Oli ist eine gemeinn\u00fctzige Website, die sich der Bildung und Inspiration \u00fcber herausragende Wissenschaftler und K\u00fcnstler widmet, die unsere Welt gepr\u00e4gt haben. Mit einem globalen Blickwinkel streben wir danach, die Geschichten und Leistungen von Personen aus verschiedenen Hintergr\u00fcnden und Kulturen hervorzuheben und erkennen dabei die universelle Kraft von Kreativit\u00e4t und Wissen an.<\/p>\n\n\n\n<p>Unsere Mission besteht darin, das Leben und die Beitr\u00e4ge dieser au\u00dfergew\u00f6hnlichen Pers\u00f6nlichkeiten zu erhellen, die unausl\u00f6schliche Spuren in der Geschichte hinterlassen haben. Durch spannende Artikel, fesselnde Profile und faszinierende Anekdoten m\u00f6chten wir ein tieferes Verst\u00e4ndnis und eine gr\u00f6\u00dfere Wertsch\u00e4tzung f\u00fcr den immensen Einfluss f\u00f6rdern, den diese Menschen auf unsere Gesellschaft hatten.<\/p>\n\n\n\n<p>Das engagierte Team von Lori Oli arbeitet unerm\u00fcdlich daran, sicherzustellen, dass die Geschichten dieser brillanten K\u00f6pfe f\u00fcr alle zug\u00e4nglich sind. Wir glauben daran, dass wir durch das Erlernen der Errungenschaften von Wissenschaftlern und K\u00fcnstlern Neugierde wecken, Inspiration f\u00f6rdern und die Suche nach Wissen und Kreativit\u00e4t in uns selbst und in zuk\u00fcnftigen Generationen vorantreiben k\u00f6nnen.<\/p>\n\n\n\n<p>Wir k\u00f6nnten jedoch unsere Mission nicht erf\u00fcllen, ohne die unersch\u00fctterliche Unterst\u00fctzung unserer Freunde und Unterst\u00fctzer auf der ganzen Welt. Egal, ob Sie eine Person sind, die sich leidenschaftlich f\u00fcr Wissenschaft und Kunst interessiert, ein Lehrer, der diese Geschichten mit Ihren Sch\u00fclern teilen m\u00f6chte, oder eine Organisation, die an einer Zusammenarbeit mit uns interessiert ist, Ihr Beitrag ist von unsch\u00e4tzbarem Wert.<\/p>\n\n\n\n<p>Wir ermutigen Sie, uns auf dieser Reise der Entdeckung und Erleuchtung zu begleiten. \u00dcber unser Kontaktformular k\u00f6nnen Sie sich mit unserem Team in Verbindung setzen, Ihre Gedanken teilen, Feedback geben und sogar zu Lori Oli beitragen. Ihre Unterst\u00fctzung kann in vielf\u00e4ltiger Form erfolgen, einschlie\u00dflich ehrenamtlicher Mitarbeit, Vorschl\u00e4gen f\u00fcr neue Profile oder finanziellen Beitr\u00e4gen, die uns helfen, unsere Arbeit fortzusetzen und unseren Einfluss zu erweitern.<\/p>\n\n\n\n<p>Bei Lori Oli sind wir fest davon \u00fcberzeugt, dass die Geschichten dieser au\u00dfergew\u00f6hnlichen Menschen gefeiert und geteilt werden sollten. Indem wir ihre Errungenschaften anerkennen, hoffen wir, die gegenw\u00e4rtigen und zuk\u00fcnftigen Generationen dazu zu inspirieren, Grenzen zu \u00fcberschreiten, neue Horizonte zu erkunden und die transformative Kraft von Wissenschaft und Kunst zu umarmen.<\/p>\n\n\n\n<p>Vielen Dank, dass Sie Teil unserer globalen Gemeinschaft sind. Gemeinsam k\u00f6nnen wir sicherstellen, dass das Erbe dieser einflussreichen Wissenschaftler und K\u00fcnstler f\u00fcr kommende Generationen in Erinnerung bleibt und gesch\u00e4tzt wird.<\/p>\n\n\n\n<h2 class=\"wp-block-heading\">Unsere Freunde in Deutschland und \u00d6sterreich<\/h2>\n","protected":false},"excerpt":{"rendered":"<p>Lori Oli ist eine gemeinn\u00fctzige Website, die sich der Bildung und Inspiration \u00fcber herausragende Wissenschaftler und K\u00fcnstler widmet, die unsere Welt gepr\u00e4gt haben. Mit einem&hellip;<\/p>\n","protected":false},"author":1,"featured_media":0,"parent":0,"menu_order":0,"comment_status":"closed","ping_status":"closed","template":"","meta":{"footnotes":""},"class_list":["post-90","page","type-page","status-publish","hentry"],"translation":{"provider":"WPGlobus","version":"3.0.2","language":"de","enabled_languages":["en","es","fr","it","br","pt","de","sv"],"languages":{"en":{"title":true,"content":true,"excerpt":false},"es":{"title":true,"content":true,"excerpt":false},"fr":{"title":true,"content":true,"excerpt":false},"it":{"title":true,"content":true,"excerpt":false},"br":{"title":true,"content":true,"excerpt":false},"pt":{"title":true,"content":true,"excerpt":false},"de":{"title":true,"content":true,"excerpt":false},"sv":{"title":true,"content":true,"excerpt":false}}},"_links":{"self":[{"href":"https:\/\/lorioli.com\/de\/wp-json\/wp\/v2\/pages\/90","targetHints":{"allow":["GET"]}}],"collection":[{"href":"https:\/\/lorioli.com\/de\/wp-json\/wp\/v2\/pages"}],"about":[{"href":"https:\/\/lorioli.com\/de\/wp-json\/wp\/v2\/types\/page"}],"author":[{"embeddable":true,"href":"https:\/\/lorioli.com\/de\/wp-json\/wp\/v2\/users\/1"}],"replies":[{"embeddable":true,"href":"https:\/\/lorioli.com\/de\/wp-json\/wp\/v2\/comments?post=90"}],"version-history":[{"count":33,"href":"https:\/\/lorioli.com\/de\/wp-json\/wp\/v2\/pages\/90\/revisions"}],"predecessor-version":[{"id":240,"href":"https:\/\/lorioli.com\/de\/wp-json\/wp\/v2\/pages\/90\/revisions\/240"}],"wp:attachment":[{"href":"https:\/\/lorioli.com\/de\/wp-json\/wp\/v2\/media?parent=90"}],"curies":[{"name":"wp","href":"https:\/\/api.w.org\/{rel}","templated":true}]}}